{"id":1693,"date":"2018-06-06T10:21:07","date_gmt":"2018-06-06T10:21:07","guid":{"rendered":"http:\/\/team-culture.dk\/index\/?page_id=1693"},"modified":"2018-06-13T13:59:57","modified_gmt":"2018-06-13T13:59:57","slug":"persondatapolitik","status":"publish","type":"page","link":"https:\/\/team-culture.dk\/index\/persondatapolitik\/","title":{"rendered":"Persondatapolitik"},"content":{"rendered":"<p>Ved at benytte denne hjemmeside www.team-culture.dk accepterer du, at Plum &amp; Co ApS behandler dine personoplysninger i henhold til denne datapolitik.<\/p>\n<p>Plum &amp; Co ApS respekterer fuldt ud alle \u00f8nsker om hemmeligholdelse af personlige oplysninger, som afgives online, og vi er opm\u00e6rksomme p\u00e5 behovet for hensigtsm\u00e6ssig beskyttelse og forsvarlig behandling af alle personlige oplysninger, som vi modtager.<\/p>\n<p>Hvis du ikke kan acceptere datapolitikken, bedes du undlade at benytte denne hjemmeside.<\/p>\n<h2>Personoplysninger<\/h2>\n<p>Personlige oplysninger d\u00e6kker alle oplysninger, der kan bruges til at identificere en person, herunder, men ikke begr\u00e6nset til, vedkommendes for- og efternavn, alder, k\u00f8n, privatadresse eller anden fysisk adresse, e-mailadresse eller andre kontaktoplysninger, uanset om de vedr\u00f8rer ved-kommendes private bop\u00e6l eller arbejdsplads.<\/p>\n<h2>Hvilke personoplysninger indsamler og behandler vi?<\/h2>\n<p>Som hovedregel kan du tilg\u00e5 hjemmesiden uden at fort\u00e6lle os, hvem du er, eller i \u00f8vrigt give personlige oplysninger om dig selv.<\/p>\n<p>Plum &amp; Co ApS har dog brug for visse personoplysninger for at kunne handle med dig og levere informationer og andre tjenester til dig.<\/p>\n<p>Plum &amp; Co ApS indsamler og behandler oplysninger om dig og de personer der skal deltage i testen, n\u00e5r du:<\/p>\n<ul>\n<li>bestiller og opretter en test<\/li>\n<li>sender en foresp\u00f8rgsel, klage eller giver os feedback; eller<\/li>\n<li>i \u00f8vrigt giver personoplysninger til os via hjemmesiden eller p\u00e5 anden m\u00e5de.<\/li>\n<\/ul>\n<p>Plum &amp; Co ApS indsamler kun de personoplysninger, der er n\u00f8dvendige (f.eks. e-mailadresse og navn) for at levere den ydelse, som du eftersp\u00f8rger.<\/p>\n<p>Registrering af personoplysninger og personhenf\u00f8rbare oplysninger er n\u00f8dvendig for at kunne analysere, hvordan brugerne anvender Plum &amp; Co ApSs hjemmesider via Google Analytics.<\/p>\n<p>Plum &amp; Co ApS indsamler ikke personhenf\u00f8rbare oplysninger fra tredjemand om kunderne.<\/p>\n<h2>Dit ansvar<\/h2>\n<p>Ved at indtaste testdeltager i systemet tilkendegiver du at du har indhentet samtykke fra testdeltagerne til at deltage i testen. Testdeltagernes persondata anonymiseres kort efter at testen er f\u00e6rdig.<\/p>\n<h2>Hvem videregiver vi personoplysninger til?<\/h2>\n<p>Personoplysninger afgivet p\u00e5 www.team-culture.dk videregives ikke:<\/p>\n<p>Plum &amp; Co ApS videregiver i \u00f8vrigt kun personoplysninger til andre, fx misbrugsregistre i henhold til g\u00e6ldende lov, hvis den p\u00e5g\u00e6ldende kunde ud\u00f8ver misbrug eller svindel over for Plum &amp; Co ApS.<\/p>\n<p>For at kunne videreudvikle og forbedre Plum &amp; Co ApSs hjemmesider f\u00f8rer vi statistik over, hvordan brugerne anvender siderne. Statistikken anvendes udelukkende i opsummeret form, f.eks. til at se hvilke sider og browsere vores kunder anvender mest.<\/p>\n<p>Plum &amp; Co ApS anvender Google Analytics til indsamling af bes\u00f8gsstatistik og videregiver i den forbindelse IP-adresser til Google Analytics. Google kan videregive informationerne til tredjepart, hvor loven kr\u00e6ver dette, eller til tredjepart, som udf\u00f8rer opgaver for dem. Privatlivsvilk\u00e5rene for Google Analytics accepteres ved bes\u00f8g p\u00e5 www.team-culture.dk og fremg\u00e5r af <a href=\"http:\/\/www.google.com\/privacy.html\">http:\/\/www.google.com\/privacy.html<\/a><\/p>\n<p>Bortset fra i ovenst\u00e5ende tilf\u00e6lde, videregiver Plum &amp; Co ApS ikke data om den enkelte kundes anvendelse af tjenesterne p\u00e5 www.team-culture.dk.<\/p>\n<h2>Hvor lagres dine personoplysninger?<\/h2>\n<p>Personoplysningerne lagres p\u00e5 servere i Danmark. Nogle personoplysninger administreres af en tredjemand (databehandler), som opbevarer og behandler personoplysninger p\u00e5 Plum &amp; Co ApS\u2019s vegne i henhold til denne datapolitik og den g\u00e6ldende lovgivning om beskyttelse af persondata.<\/p>\n<p>Vi opbevarer kun personoplysningerne, s\u00e5 l\u00e6nge det er n\u00f8dvendigt i forhold til de oplyste form\u00e5l ovenfor.<\/p>\n<h2>Adgang til oplysninger<\/h2>\n<p>Du kan f\u00e5 oplyst, hvilke oplysninger vi har registreret om dig. Hvis du \u00f8nsker at modtage en kopi af disse oplysninger, skal du skrive til os p\u00e5 adressen info@team-culture.dk<\/p>\n<h2>Cookies<\/h2>\n<p>Ud over de oplysninger, som du selv indtaster i forbindelse med bestilling af test, tilmelding til nyhedsbrev og andre tjenester, anvender www.team-culture.dk cookies. L\u00e6s mere om vores cookies og yderligere information om hvordan du sletter cookies p\u00e5 nedenst\u00e5ende link.<\/p>\n<p><a href=\"http:\/\/minecookies.org\/cookiehandtering\/\" target=\"_blank\" rel=\"noopener\">Hvordan sletter jeg mine cookies<\/a><\/p>\n<h2>Link til sletning af cookies<\/h2>\n<p>Hvis du ikke \u00f8nsker, at Plum &amp; Co ApS identificerer din pc, mobil etc. ved hj\u00e6lp af cookies, kan du fra ovenst\u00e5ende link ogs\u00e5 l\u00e6se om, hvordan du kan slette eller blokere for cookies fra i din browser. Du skal dog v\u00e6re opm\u00e6rksom p\u00e5 at testen derved ikke vil virke.<\/p>\n<p>For hvert bes\u00f8g p\u00e5 hjemmesiden &#8211; uafh\u00e6ngigt af tilstedev\u00e6relsen af en cookie &#8211; registrerer vi brugerens type af browser, styresystemet, v\u00e6rten (host) og webadresser p\u00e5 de sider, der \u00f8nskes adgang til. Disse data bliver brugt i et samlet og anonymt skema for statistisk analyse om den generelle brug af hjemmesiden.<\/p>\n<h2>Kontakt, \u00e6ndring og opdatering af persondatapolitikken<\/h2>\n<p>Plum &amp; Co ApS forpligter sig til l\u00f8bende at opfylde lovgivningens krav til beskyttelse af privatlivets fred.<br \/>\nHvis du har sp\u00f8rgsm\u00e5l eller kommentarer til vores datapolitik, eller til hvordan vi bruger dine personoplysninger, kan du info@team-culture.dk.<\/p>\n","protected":false},"excerpt":{"rendered":"<p>Ved at benytte denne hjemmeside www.team-culture.dk accepterer du, at Plum &amp; Co ApS behandler dine personoplysninger i henhold til denne datapolitik. Plum &amp; Co ApS respekterer fuldt ud alle \u00f8nsker om hemmeligholdelse af personlige oplysninger, som afgives online, og vi er opm\u00e6rksomme p\u00e5 behovet for hensigtsm\u00e6ssig beskyttelse og forsvarlig behandling af alle personlige oplysninger, som [&hellip;]<\/p>\n","protected":false},"author":1,"featured_media":0,"parent":0,"menu_order":0,"comment_status":"closed","ping_status":"closed","template":"full-width.php","meta":{"_acf_changed":false,"footnotes":""},"class_list":["post-1693","page","type-page","status-publish","hentry"],"acf":[],"_links":{"self":[{"href":"https:\/\/team-culture.dk\/index\/wp-json\/wp\/v2\/pages\/1693","targetHints":{"allow":["GET"]}}],"collection":[{"href":"https:\/\/team-culture.dk\/index\/wp-json\/wp\/v2\/pages"}],"about":[{"href":"https:\/\/team-culture.dk\/index\/wp-json\/wp\/v2\/types\/page"}],"author":[{"embeddable":true,"href":"https:\/\/team-culture.dk\/index\/wp-json\/wp\/v2\/users\/1"}],"replies":[{"embeddable":true,"href":"https:\/\/team-culture.dk\/index\/wp-json\/wp\/v2\/comments?post=1693"}],"version-history":[{"count":11,"href":"https:\/\/team-culture.dk\/index\/wp-json\/wp\/v2\/pages\/1693\/revisions"}],"predecessor-version":[{"id":1717,"href":"https:\/\/team-culture.dk\/index\/wp-json\/wp\/v2\/pages\/1693\/revisions\/1717"}],"wp:attachment":[{"href":"https:\/\/team-culture.dk\/index\/wp-json\/wp\/v2\/media?parent=1693"}],"curies":[{"name":"wp","href":"https:\/\/api.w.org\/{rel}","templated":true}]}}